{"id":237,"date":"2015-11-10T14:08:36","date_gmt":"2015-11-10T13:08:36","guid":{"rendered":"http:\/\/www.5panels.cz\/?page_id=237"},"modified":"2022-02-07T10:09:16","modified_gmt":"2022-02-07T09:09:16","slug":"kontakt","status":"publish","type":"page","link":"https:\/\/www.opinvest.cz\/imolaceramica\/kontakt\/","title":{"rendered":"Kontakt"},"content":{"rendered":"<p>[et_pb_section admin_label=&#8220;section&#8220;][et_pb_row admin_label=&#8220;row&#8220;][et_pb_column type=&#8220;4_4&#8243;][et_pb_post_title admin_label=&#8220;Titulek p\u0159\u00edsp\u011bvku&#8220; title=&#8220;on&#8220; meta=&#8220;off&#8220; author=&#8220;on&#8220; date=&#8220;on&#8220; categories=&#8220;on&#8220; comments=&#8220;on&#8220; featured_image=&#8220;on&#8220; featured_placement=&#8220;below&#8220; parallax_effect=&#8220;on&#8220; parallax_method=&#8220;on&#8220; text_orientation=&#8220;left&#8220; text_color=&#8220;dark&#8220; text_background=&#8220;off&#8220; text_bg_color=&#8220;rgba(255,255,255,0.9)&#8220; module_bg_color=&#8220;rgba(255,255,255,0)&#8220; title_font_size=&#8220;42px&#8220; title_text_color=&#8220;#7cc68d&#8220; title_all_caps=&#8220;off&#8220; meta_font_size=&#8220;21&#8243; meta_text_color=&#8220;#7cc68d&#8220; use_border_color=&#8220;off&#8220; border_color=&#8220;#ffffff&#8220; border_style=&#8220;solid&#8220;] [\/et_pb_post_title][\/et_pb_column][\/et_pb_row][et_pb_row admin_label=&#8220;\u0158\u00e1dek&#8220; make_fullwidth=&#8220;off&#8220; use_custom_width=&#8220;off&#8220; width_unit=&#8220;on&#8220; use_custom_gutter=&#8220;off&#8220; padding_mobile=&#8220;off&#8220; allow_player_pause=&#8220;off&#8220; parallax=&#8220;off&#8220; parallax_method=&#8220;off&#8220; make_equal=&#8220;off&#8220; column_padding_mobile=&#8220;off&#8220;][et_pb_column type=&#8220;1_3&#8243;][et_pb_text admin_label=&#8220;Text&#8220; background_layout=&#8220;light&#8220; text_orientation=&#8220;left&#8220; use_border_color=&#8220;off&#8220; border_color=&#8220;#ffffff&#8220; border_style=&#8220;solid&#8220;]<\/p>\n<h3><strong>Zastoupen\u00ed:<\/strong><\/h3>\n<h4>OP INVEST s.r.o.<\/h4>\n<h4>Bud\u011bjovick\u00e1 103<\/h4>\n<h4>252 42 Jesenice<\/h4>\n<h3><\/h3>\n<p>[\/et_pb_text][\/et_pb_column][et_pb_column type=&#8220;1_3&#8243;][et_pb_text admin_label=&#8220;Text&#8220; background_layout=&#8220;light&#8220; text_orientation=&#8220;left&#8220; use_border_color=&#8220;off&#8220; border_color=&#8220;#ffffff&#8220; border_style=&#8220;solid&#8220;]<\/p>\n<h3><strong>Ing. Petr Lang<\/strong><\/h3>\n<h4>tel.: +420\u00a0777 15 43 43<\/h4>\n<h4>email:\u00a0<a href=\"mailto:lang@opinvest.cz\">lang@opinvest.cz<\/a><\/h4>\n<p>[\/et_pb_text][\/et_pb_column][et_pb_column type=&#8220;1_3&#8243;][et_pb_text admin_label=&#8220;Text&#8220; background_layout=&#8220;light&#8220; text_orientation=&#8220;left&#8220; use_border_color=&#8220;off&#8220; border_color=&#8220;#ffffff&#8220; border_style=&#8220;solid&#8220;]<\/p>\n<h3><strong>Kancel\u00e1\u0159:<\/strong><\/h3>\n<h4>tel.: +420 725 925 041<\/h4>\n<h4>email:\u00a0<a href=\"mailto:opinvest@opinvest.cz\">opinvest@opinvest.cz<\/a><\/h4>\n<h4><\/h4>\n<p>[\/et_pb_text][\/et_pb_column][\/et_pb_row][\/et_pb_section][et_pb_section admin_label=&#8220;Sekce&#8220; fullwidth=&#8220;on&#8220; specialty=&#8220;off&#8220; transparent_background=&#8220;off&#8220; allow_player_pause=&#8220;off&#8220; inner_shadow=&#8220;off&#8220; parallax=&#8220;off&#8220; parallax_method=&#8220;off&#8220; custom_padding=&#8220;0px|-6px&#8220; padding_mobile=&#8220;off&#8220; make_fullwidth=&#8220;off&#8220; use_custom_width=&#8220;off&#8220; width_unit=&#8220;on&#8220; make_equal=&#8220;off&#8220; use_custom_gutter=&#8220;off&#8220;][et_pb_fullwidth_code admin_label=&#8220;Pln\u00e1 \u0161\u00ed\u0159ka k\u00f3du&#8220;]&lt;div class=&#8217;embedd&#8216;&gt; &lt;iframe style=&#8220;pointer-events:none&#8220; src=&#8220;https:\/\/www.google.com\/maps\/embed?pb=!1m18!1m12!1m3!1d1283.2248551133357!2d14.510893681428954!3d49.96542439899615!2m3!1f0!2f0!3f0!3m2!1i1024!2i768!4f13.1!3m3!1m2!1s0x470b8fd64d46cf53%3A0x8246a4c9cab3417b!2sBud%C4%9Bjovick%C3%A1+103%2C+252+42+Jesenice!5e0!3m2!1scs!2scz!4v1447461499100&#8243; width=&#8220;100%&#8220; height=&#8220;326&#8243; frameborder=&#8220;0&#8243; style=&#8220;border:0&#8243; allowfullscreen&gt;&lt;\/iframe&gt; &lt;\/div&gt;[\/et_pb_fullwidth_code][\/et_pb_section]<\/p>\n","protected":false},"excerpt":{"rendered":"<p>[et_pb_section admin_label=&#8220;section&#8220;][et_pb_row admin_label=&#8220;row&#8220;][et_pb_column type=&#8220;4_4&#8243;][et_pb_post_title admin_label=&#8220;Titulek p\u0159\u00edsp\u011bvku&#8220; title=&#8220;on&#8220; meta=&#8220;off&#8220; author=&#8220;on&#8220; date=&#8220;on&#8220; categories=&#8220;on&#8220; comments=&#8220;on&#8220; featured_image=&#8220;on&#8220; featured_placement=&#8220;below&#8220; parallax_effect=&#8220;on&#8220; parallax_method=&#8220;on&#8220; text_orientation=&#8220;left&#8220; text_color=&#8220;dark&#8220; text_background=&#8220;off&#8220; text_bg_color=&#8220;rgba(255,255,255,0.9)&#8220; module_bg_color=&#8220;rgba(255,255,255,0)&#8220; title_font_size=&#8220;42px&#8220; title_text_color=&#8220;#7cc68d&#8220; title_all_caps=&#8220;off&#8220; meta_font_size=&#8220;21&#8243; meta_text_color=&#8220;#7cc68d&#8220; use_border_color=&#8220;off&#8220; border_color=&#8220;#ffffff&#8220; border_style=&#8220;solid&#8220;] [\/et_pb_post_title][\/et_pb_column][\/et_pb_row][et_pb_row admin_label=&#8220;\u0158\u00e1dek&#8220; make_fullwidth=&#8220;off&#8220; use_custom_width=&#8220;off&#8220; width_unit=&#8220;on&#8220; use_custom_gutter=&#8220;off&#8220; padding_mobile=&#8220;off&#8220; allow_player_pause=&#8220;off&#8220; parallax=&#8220;off&#8220; parallax_method=&#8220;off&#8220; make_equal=&#8220;off&#8220; column_padding_mobile=&#8220;off&#8220;][et_pb_column type=&#8220;1_3&#8243;][et_pb_text admin_label=&#8220;Text&#8220; background_layout=&#8220;light&#8220; text_orientation=&#8220;left&#8220; use_border_color=&#8220;off&#8220; border_color=&#8220;#ffffff&#8220; border_style=&#8220;solid&#8220;] Zastoupen\u00ed: OP INVEST s.r.o. Bud\u011bjovick\u00e1 103 252 [&hellip;]<\/p>\n","protected":false},"author":1,"featured_media":0,"parent":0,"menu_order":0,"comment_status":"closed","ping_status":"closed","template":"","meta":[],"_links":{"self":[{"href":"https:\/\/www.opinvest.cz\/imolaceramica\/wp-json\/wp\/v2\/pages\/237"}],"collection":[{"href":"https:\/\/www.opinvest.cz\/imolaceramica\/wp-json\/wp\/v2\/pages"}],"about":[{"href":"https:\/\/www.opinvest.cz\/imolaceramica\/wp-json\/wp\/v2\/types\/page"}],"author":[{"embeddable":true,"href":"https:\/\/www.opinvest.cz\/imolaceramica\/wp-json\/wp\/v2\/users\/1"}],"replies":[{"embeddable":true,"href":"https:\/\/www.opinvest.cz\/imolaceramica\/wp-json\/wp\/v2\/comments?post=237"}],"version-history":[{"count":66,"href":"https:\/\/www.opinvest.cz\/imolaceramica\/wp-json\/wp\/v2\/pages\/237\/revisions"}],"predecessor-version":[{"id":626,"href":"https:\/\/www.opinvest.cz\/imolaceramica\/wp-json\/wp\/v2\/pages\/237\/revisions\/626"}],"wp:attachment":[{"href":"https:\/\/www.opinvest.cz\/imolaceramica\/wp-json\/wp\/v2\/media?parent=237"}],"curies":[{"name":"wp","href":"https:\/\/api.w.org\/{rel}","templated":true}]}}